{"id":8,"date":"2018-04-16T09:33:46","date_gmt":"2018-04-16T06:33:46","guid":{"rendered":"http:\/\/cennetkusu.com.tr\/?page_id=8"},"modified":"2018-04-16T09:33:46","modified_gmt":"2018-04-16T06:33:46","slug":"hakkimizda","status":"publish","type":"page","link":"https:\/\/cennetkusu.com.tr\/index.php\/hakkimizda\/","title":{"rendered":"Hakk\u0131m\u0131zda"},"content":{"rendered":"<p>01 May\u0131s 2014 y\u0131l\u0131nda kap\u0131lar\u0131n\u0131 yeniden a\u00e7t\u0131\u011f\u0131m\u0131z \u2018\u2019Cennetku\u015fu Kebap\u2019\u2019 \u0131n 25 senelik deneyimini \u00c7ayyolu Sarn\u0131\u00e7 AVM\u2019de s\u00fcrd\u00fcr\u00fcyoruz.<\/p>\n<p>Y\u0131llarca bir \u00e7ok ki\u015finin (b\u00fcrokrat,gazeteci.e\u011fitimci,\u00f6\u011frenci..vs) lezzetinden vazge\u00e7emedi\u011fi mekan\u0131m\u0131z Dicle Avc\u0131 ve Turan Cennetku\u015fu ortakl\u0131\u011f\u0131nda hizmet vermeye devam ediyor.<\/p>\n<p>Urfa\u2019n\u0131n misafirperverli\u011fini ve tatlar\u0131n\u0131 kaliteyi ve lezzeti esas tutarak Ankara\u2019ya ve siz dostlar\u0131m\u0131za getirdik.<\/p>\n<p>M\u00fc\u015fterilerimizin olu\u015fturdu\u011fu \u2018\u2019EV\u0130M\u0130Z\u0130N MUTFA\u011eI\u2019\u2019 misyonuyla ba\u015flad\u0131\u011f\u0131m\u0131z bu yola y\u0131llar i\u00e7inde kaliteden \u00f6d\u00fcn vermeden, ilk g\u00fcnk\u00fc heyecanla devam etme vizyonuna sahibiz.<\/p>\n<p>Sizleri aram\u0131zda g\u00f6rmekten onur duyar\u0131z.<\/p>\n","protected":false},"excerpt":{"rendered":"<p>01 May\u0131s 2014 y\u0131l\u0131nda kap\u0131lar\u0131n\u0131 yeniden a\u00e7t\u0131\u011f\u0131m\u0131z \u2018\u2019Cennetku\u015fu Kebap\u2019\u2019 \u0131n 25 senelik deneyimini \u00c7ayyolu Sarn\u0131\u00e7 AVM\u2019de s\u00fcrd\u00fcr\u00fcyoruz. Y\u0131llarca bir \u00e7ok ki\u015finin (b\u00fcrokrat,gazeteci.e\u011fitimci,\u00f6\u011frenci..vs) lezzetinden vazge\u00e7emedi\u011fi mekan\u0131m\u0131z Dicle Avc\u0131 ve Turan Cennetku\u015fu ortakl\u0131\u011f\u0131nda hizmet vermeye devam ediyor. Urfa\u2019n\u0131n misafirperverli\u011fini ve tatlar\u0131n\u0131 kaliteyi ve lezzeti esas tutarak Ankara\u2019ya ve siz dostlar\u0131m\u0131za getirdik. M\u00fc\u015fterilerimizin olu\u015fturdu\u011fu \u2018\u2019EV\u0130M\u0130Z\u0130N MUTFA\u011eI\u2019\u2019 misyonuyla ba\u015flad\u0131\u011f\u0131m\u0131z [&hellip;]<\/p>\n","protected":false},"author":1,"featured_media":6,"parent":0,"menu_order":0,"comment_status":"closed","ping_status":"closed","template":"","meta":{"footnotes":""},"class_list":["post-8","page","type-page","status-publish","has-post-thumbnail","hentry"],"_links":{"self":[{"href":"https:\/\/cennetkusu.com.tr\/index.php\/wp-json\/wp\/v2\/pages\/8","targetHints":{"allow":["GET"]}}],"collection":[{"href":"https:\/\/cennetkusu.com.tr\/index.php\/wp-json\/wp\/v2\/pages"}],"about":[{"href":"https:\/\/cennetkusu.com.tr\/index.php\/wp-json\/wp\/v2\/types\/page"}],"author":[{"embeddable":true,"href":"https:\/\/cennetkusu.com.tr\/index.php\/wp-json\/wp\/v2\/users\/1"}],"replies":[{"embeddable":true,"href":"https:\/\/cennetkusu.com.tr\/index.php\/wp-json\/wp\/v2\/comments?post=8"}],"version-history":[{"count":1,"href":"https:\/\/cennetkusu.com.tr\/index.php\/wp-json\/wp\/v2\/pages\/8\/revisions"}],"predecessor-version":[{"id":9,"href":"https:\/\/cennetkusu.com.tr\/index.php\/wp-json\/wp\/v2\/pages\/8\/revisions\/9"}],"wp:featuredmedia":[{"embeddable":true,"href":"https:\/\/cennetkusu.com.tr\/index.php\/wp-json\/wp\/v2\/media\/6"}],"wp:attachment":[{"href":"https:\/\/cennetkusu.com.tr\/index.php\/wp-json\/wp\/v2\/media?parent=8"}],"curies":[{"name":"wp","href":"https:\/\/api.w.org\/{rel}","templated":true}]}}