{"id":5,"date":"2018-04-16T09:32:22","date_gmt":"2018-04-16T06:32:22","guid":{"rendered":"http:\/\/cennetkusu.com.tr\/?page_id=5"},"modified":"2018-04-16T09:32:22","modified_gmt":"2018-04-16T06:32:22","slug":"iletisim","status":"publish","type":"page","link":"https:\/\/cennetkusu.com.tr\/index.php\/iletisim\/","title":{"rendered":"\u0130leti\u015fim"},"content":{"rendered":"<p style=\"text-align: center;\"><span class=\"w8qArf\"><a class=\"fl\" href=\"https:\/\/www.google.com.tr\/search?safe=active&amp;q=cennetku%C5%9Fu+kebap+adres&amp;stick=H4sIAAAAAAAAAOPgE-LVT9c3NEzOSzbPK8sw15LNTrbSz8lPTizJzM-DM6wSU1KKUouLATB_PSgwAAAA&amp;sa=X&amp;ved=0ahUKEwi13fjxlb7aAhXIFJoKHZi_CaYQ6BMIwgEwFA\" data-original-name=\"Adres\" data-ved=\"0ahUKEwi13fjxlb7aAhXIFJoKHZi_CaYQ6BMIwgEwFA\">Adres<\/a>:\u00a0<\/span><span class=\"LrzXr\">Prof. Dr. Ahmet Taner K\u0131\u015flal\u0131 Mahallesi, 2902. Sk. Sarn\u0131\u00e7 Park AVM D:7\/18, 06810 \/\u00c7ankaya\/Ankara<\/span><\/p>\n<hr \/>\n<p style=\"text-align: center;\">\n<p style=\"text-align: center;\"><span class=\"w8qArf\"><a class=\"fl\" href=\"https:\/\/www.google.com.tr\/search?safe=active&amp;q=cennetku%C5%9Fu+kebap+telefon&amp;sa=X&amp;ved=0ahUKEwi13fjxlb7aAhXIFJoKHZi_CaYQ6BMIywEwFg\" data-original-name=\"Telefon\" data-ved=\"0ahUKEwi13fjxlb7aAhXIFJoKHZi_CaYQ6BMIywEwFg\">Telefon<\/a>:\u00a0<\/span><span class=\"LrzXr zdqRlf kno-fv\"><a class=\"fl r-iX_mVw_TN66Q\" title=\"Hangout \u00fczerinden ara\" href=\"https:\/\/www.google.com.tr\/search?q=cennetku%C5%9Fu&amp;oq=cennetku%C5%9Fu+&amp;aqs=chrome..69i57j0l5.2419j0j4&amp;sourceid=chrome&amp;ie=UTF-8#\" data-number=\"+903122840488\" data-pstn-out-call-url=\"\" data-rtid=\"iX_mVw_TN66Q\" data-ved=\"0ahUKEwi13fjxlb7aAhXIFJoKHZi_CaYQkAgIzAEoADAW\">(0312) 284 04 88<\/a><\/span><\/p>\n<hr \/>\n<p style=\"text-align: center;\">\n<p><iframe loading=\"lazy\" style=\"border: 0;\" src=\"https:\/\/www.google.com\/maps\/embed?pb=!1m14!1m8!1m3!1d12246.970385949715!2d32.6877386!3d39.8800033!3m2!1i1024!2i768!4f13.1!3m3!1m2!1s0x0%3A0x7d5312219fd2b100!2sCennetku%C5%9Fu+Kebap!5e0!3m2!1str!2str!4v1523860355766\" width=\"600\" height=\"450\" frameborder=\"0\" allowfullscreen=\"allowfullscreen\"><\/iframe><\/p>\n","protected":false},"excerpt":{"rendered":"<p>Adres:\u00a0Prof. Dr. Ahmet Taner K\u0131\u015flal\u0131 Mahallesi, 2902. Sk. Sarn\u0131\u00e7 Park AVM D:7\/18, 06810 \/\u00c7ankaya\/Ankara Telefon:\u00a0(0312) 284 04 88<\/p>\n","protected":false},"author":1,"featured_media":6,"parent":0,"menu_order":0,"comment_status":"closed","ping_status":"closed","template":"","meta":{"footnotes":""},"class_list":["post-5","page","type-page","status-publish","has-post-thumbnail","hentry"],"_links":{"self":[{"href":"https:\/\/cennetkusu.com.tr\/index.php\/wp-json\/wp\/v2\/pages\/5","targetHints":{"allow":["GET"]}}],"collection":[{"href":"https:\/\/cennetkusu.com.tr\/index.php\/wp-json\/wp\/v2\/pages"}],"about":[{"href":"https:\/\/cennetkusu.com.tr\/index.php\/wp-json\/wp\/v2\/types\/page"}],"author":[{"embeddable":true,"href":"https:\/\/cennetkusu.com.tr\/index.php\/wp-json\/wp\/v2\/users\/1"}],"replies":[{"embeddable":true,"href":"https:\/\/cennetkusu.com.tr\/index.php\/wp-json\/wp\/v2\/comments?post=5"}],"version-history":[{"count":1,"href":"https:\/\/cennetkusu.com.tr\/index.php\/wp-json\/wp\/v2\/pages\/5\/revisions"}],"predecessor-version":[{"id":7,"href":"https:\/\/cennetkusu.com.tr\/index.php\/wp-json\/wp\/v2\/pages\/5\/revisions\/7"}],"wp:featuredmedia":[{"embeddable":true,"href":"https:\/\/cennetkusu.com.tr\/index.php\/wp-json\/wp\/v2\/media\/6"}],"wp:attachment":[{"href":"https:\/\/cennetkusu.com.tr\/index.php\/wp-json\/wp\/v2\/media?parent=5"}],"curies":[{"name":"wp","href":"https:\/\/api.w.org\/{rel}","templated":true}]}}